{"id":29,"date":"2025-02-13T14:19:09","date_gmt":"2025-02-13T14:19:09","guid":{"rendered":"https:\/\/finovate.vamtam.com\/?page_id=29"},"modified":"2026-01-14T09:23:33","modified_gmt":"2026-01-14T09:23:33","slug":"about","status":"publish","type":"page","link":"https:\/\/geoflicks.pt\/index.php\/about\/","title":{"rendered":"Quem Somos"},"content":{"rendered":"\t\t<div data-elementor-type=\"wp-page\" data-elementor-id=\"29\" class=\"elementor elementor-29\" data-elementor-post-type=\"page\">\n\t\t\t\t<div class=\"elementor-element elementor-element-507b679 e-con-full e-flex e-con e-parent\" data-id=\"507b679\" data-element_type=\"container\">\n\t\t<div class=\"elementor-element elementor-element-3d733c3 e-con-full e-flex e-con e-child\" data-id=\"3d733c3\" data-element_type=\"container\">\n\t\t\t\t<div class=\"elementor-element elementor-element-9dd95e2 elementor-widget__width-inherit elementor-widget elementor-widget-image\" data-id=\"9dd95e2\" data-element_type=\"widget\" data-widget_type=\"image.default\">\n\t\t\t\t<div class=\"elementor-widget-container\">\n\t\t\t\t\t\t\t\t\t\t\t\t\t\t\t<img fetchpriority=\"high\" decoding=\"async\" width=\"300\" height=\"212\" src=\"https:\/\/geoflicks.pt\/wp-content\/uploads\/2025\/02\/geoflicks_-300x212.png\" class=\"attachment-medium size-medium wp-image-987657\" alt=\"\" srcset=\"https:\/\/geoflicks.pt\/wp-content\/uploads\/2025\/02\/geoflicks_-300x212.png 300w, https:\/\/geoflicks.pt\/wp-content\/uploads\/2025\/02\/geoflicks_-768x543.png 768w, https:\/\/geoflicks.pt\/wp-content\/uploads\/2025\/02\/geoflicks_.png 842w\" sizes=\"(max-width: 300px) 100vw, 300px\" \/>\t\t\t\t\t\t\t\t\t\t\t\t\t\t\t<\/div>\n\t\t\t\t<\/div>\n\t\t\t\t<\/div>\n\t\t\t\t<\/div>\n\t\t<div class=\"elementor-element elementor-element-316ba8b e-flex e-con-boxed e-con e-parent\" data-id=\"316ba8b\" data-element_type=\"container\">\n\t\t\t\t\t<div class=\"e-con-inner\">\n\t\t<div class=\"elementor-element elementor-element-49b4c5c e-con-full e-flex e-con e-child\" data-id=\"49b4c5c\" data-element_type=\"container\">\n\t\t<div class=\"elementor-element elementor-element-d630058 e-flex e-con-boxed e-con e-child\" data-id=\"d630058\" data-element_type=\"container\" data-settings=\"{&quot;background_background&quot;:&quot;classic&quot;}\">\n\t\t\t\t\t<div class=\"e-con-inner\">\n\t\t<div class=\"elementor-element elementor-element-f87a592 e-con-full e-flex e-con e-child\" data-id=\"f87a592\" data-element_type=\"container\">\n\t\t<div class=\"elementor-element elementor-element-e9af181 e-con-full e-flex e-con e-child\" data-id=\"e9af181\" data-element_type=\"container\">\n\t\t\t\t<div class=\"elementor-element elementor-element-550e49d elementor-invisible elementor-widget__width-initial elementor-widget elementor-widget-image\" data-id=\"550e49d\" data-element_type=\"widget\" data-settings=\"{&quot;_animation&quot;:&quot;fadeIn&quot;}\" data-widget_type=\"image.default\">\n\t\t\t\t<div class=\"elementor-widget-container\">\n\t\t\t\t\t\t\t\t\t\t\t\t\t\t\t<img decoding=\"async\" width=\"1920\" height=\"1280\" src=\"https:\/\/geoflicks.pt\/wp-content\/uploads\/2025\/10\/furniture-designer-tie-white-shirt-talking-client-1.jpg\" class=\"attachment-full size-full wp-image-987751\" alt=\"\" srcset=\"https:\/\/geoflicks.pt\/wp-content\/uploads\/2025\/10\/furniture-designer-tie-white-shirt-talking-client-1.jpg 1920w, https:\/\/geoflicks.pt\/wp-content\/uploads\/2025\/10\/furniture-designer-tie-white-shirt-talking-client-1-300x200.jpg 300w, https:\/\/geoflicks.pt\/wp-content\/uploads\/2025\/10\/furniture-designer-tie-white-shirt-talking-client-1-1024x683.jpg 1024w, https:\/\/geoflicks.pt\/wp-content\/uploads\/2025\/10\/furniture-designer-tie-white-shirt-talking-client-1-768x512.jpg 768w, https:\/\/geoflicks.pt\/wp-content\/uploads\/2025\/10\/furniture-designer-tie-white-shirt-talking-client-1-1536x1024.jpg 1536w\" sizes=\"(max-width: 1920px) 100vw, 1920px\" \/>\t\t\t\t\t\t\t\t\t\t\t\t\t\t\t<\/div>\n\t\t\t\t<\/div>\n\t\t<div class=\"elementor-element elementor-element-4a0168b e-con-full e-flex e-con e-child\" data-id=\"4a0168b\" data-element_type=\"container\">\n\t\t\t\t<div class=\"elementor-element elementor-element-2225590 elementor-widget-tablet__width-inherit elementor-widget elementor-widget-text-editor\" data-id=\"2225590\" data-element_type=\"widget\" data-widget_type=\"text-editor.default\">\n\t\t\t\t<div class=\"elementor-widget-container\">\n\t\t\t\t\t\t\t\t\t<p>A <span class=\"color-accent-4\">GEOFLICKS<\/span>, \u00e9 uma entidade reconhecida pela <strong>ANI \u2013 Ag\u00eancia Nacional da Inova\u00e7\u00e3o <\/strong>no \u00e2mbito da Investiga\u00e7\u00e3o &amp; Desenvolvimento em Turismo- para apoiar a cria\u00e7\u00e3o de produtos e processos inovadores no setor, permitindo que empresas e organiza\u00e7\u00f5es se destaquem num mercado em constante evolu\u00e7\u00e3o.<\/p><p>Combinamos conhecimento cient\u00edfico com um entendimento mais pr\u00e1tico sobre o mercado tur\u00edstico nacional e internacional.<\/p><p>Apoiamos empresas, associa\u00e7\u00f5es e entidades p\u00fablicas na transforma\u00e7\u00e3o de desafios em solu\u00e7\u00f5es, atrav\u00e9s de investiga\u00e7\u00e3o aplicada, desenvolvimento de projetos inovadores e estrat\u00e9gias sustent\u00e1veis.<\/p><p>Criamos solu\u00e7\u00f5es que definem o futuro do turismo.<\/p>\t\t\t\t\t\t\t\t<\/div>\n\t\t\t\t<\/div>\n\t\t\t\t<\/div>\n\t\t\t\t<\/div>\n\t\t\t\t<\/div>\n\t\t\t\t\t<\/div>\n\t\t\t\t<\/div>\n\t\t\t\t<\/div>\n\t\t\t\t\t<\/div>\n\t\t\t\t<\/div>\n\t\t<div class=\"elementor-element elementor-element-2288792 e-flex e-con-boxed e-con e-parent\" data-id=\"2288792\" data-element_type=\"container\">\n\t\t\t\t\t<div class=\"e-con-inner\">\n\t\t<div class=\"elementor-element elementor-element-f347500 e-con-full e-flex e-con e-child\" data-id=\"f347500\" data-element_type=\"container\">\n\t\t<div class=\"elementor-element elementor-element-615c247 e-con-full e-flex e-con e-child\" data-id=\"615c247\" data-element_type=\"container\">\n\t\t<div class=\"elementor-element elementor-element-84f0363 e-con-full e-flex e-con e-child\" data-id=\"84f0363\" data-element_type=\"container\">\n\t\t\t\t<div class=\"elementor-element elementor-element-58145d2 elementor-invisible animated-fast elementor-widget elementor-widget-heading\" data-id=\"58145d2\" data-element_type=\"widget\" data-settings=\"{&quot;_animation&quot;:&quot;fadeIn&quot;,&quot;motion_fx_motion_fx_scrolling&quot;:&quot;yes&quot;,&quot;motion_fx_devices&quot;:[&quot;desktop&quot;,&quot;tablet&quot;,&quot;mobile&quot;]}\" data-widget_type=\"heading.default\">\n\t\t\t\t<div class=\"elementor-widget-container\">\n\t\t\t\t\t<h1 class=\"elementor-heading-title elementor-size-default\">Investiga\u00e7\u00e3o <span class=\"color-accent-4\">\u2022 <\/span>Desenvolvimento<span class=\"color-accent-4\"> \u2022<\/span>  Inova\u00e7\u00e3o <\/h1>\t\t\t\t<\/div>\n\t\t\t\t<\/div>\n\t\t\t\t<\/div>\n\t\t\t\t<\/div>\n\t\t\t\t<\/div>\n\t\t\t\t<div class=\"elementor-element elementor-element-cc40a7b elementor-invisible elementor-widget__width-initial animated-fast elementor-widget elementor-widget-heading\" data-id=\"cc40a7b\" data-element_type=\"widget\" data-settings=\"{&quot;_animation&quot;:&quot;fadeIn&quot;}\" data-widget_type=\"heading.default\">\n\t\t\t\t<div class=\"elementor-widget-container\">\n\t\t\t\t\t<h2 class=\"elementor-heading-title elementor-size-default\">Os <span class=\"color-accent-4\">Valores <\/span> que nos guiam<\/h2>\t\t\t\t<\/div>\n\t\t\t\t<\/div>\n\t\t\t\t\t<\/div>\n\t\t\t\t<\/div>\n\t\t<div class=\"elementor-element elementor-element-1492cf4 e-flex e-con-boxed e-con e-parent\" data-id=\"1492cf4\" data-element_type=\"container\">\n\t\t\t\t\t<div class=\"e-con-inner\">\n\t\t<div class=\"elementor-element elementor-element-d723eab elementor-invisible e-con-full vamtam-icon-hover-parent animated-fast e-flex e-con e-child\" data-id=\"d723eab\" data-element_type=\"container\" data-settings=\"{&quot;animation&quot;:&quot;slideInUp&quot;,&quot;animation_delay&quot;:0}\">\n\t\t\t\t<div class=\"vamtam-has-theme-widget-styles elementor-element elementor-element-dd0dd03 elementor-view-stacked vamtam-has-parent-hover elementor-shape-circle elementor-widget elementor-widget-icon\" data-id=\"dd0dd03\" data-element_type=\"widget\" data-widget_type=\"icon.default\">\n\t\t\t\t<div class=\"elementor-widget-container\">\n\t\t\t\t\t\t\t<div class=\"elementor-icon-wrapper\">\n\t\t\t<div class=\"elementor-icon\">\n\t\t\t<i aria-hidden=\"true\" class=\"vamtamtheme- vamtam-theme-trust\"><\/i>\t\t\t<\/div>\n\t\t<\/div>\n\t\t\t\t\t\t<\/div>\n\t\t\t\t<\/div>\n\t\t<div class=\"elementor-element elementor-element-9366c53 e-con-full e-flex e-con e-child\" data-id=\"9366c53\" data-element_type=\"container\" data-settings=\"{&quot;background_background&quot;:&quot;classic&quot;}\">\n\t\t\t\t<div class=\"elementor-element elementor-element-998f83a elementor-widget elementor-widget-heading\" data-id=\"998f83a\" data-element_type=\"widget\" data-widget_type=\"heading.default\">\n\t\t\t\t<div class=\"elementor-widget-container\">\n\t\t\t\t\t<h4 class=\"elementor-heading-title elementor-size-default\">Rigor cient\u00edfico<\/h4>\t\t\t\t<\/div>\n\t\t\t\t<\/div>\n\t\t\t\t<div class=\"elementor-element elementor-element-b65f0b7 elementor-widget elementor-widget-text-editor\" data-id=\"b65f0b7\" data-element_type=\"widget\" data-widget_type=\"text-editor.default\">\n\t\t\t\t<div class=\"elementor-widget-container\">\n\t\t\t\t\t\t\t\t\t<p>Cada projeto \u00e9 sustentado por uma base s\u00f3lida de investiga\u00e7\u00e3o aplicada, garantindo decis\u00f5es fundamentadas, m\u00e9todos precisos e resultados confi\u00e1veis.<\/p><p>\u00a0<\/p>\t\t\t\t\t\t\t\t<\/div>\n\t\t\t\t<\/div>\n\t\t\t\t<\/div>\n\t\t\t\t<\/div>\n\t\t<div class=\"elementor-element elementor-element-fd8403a elementor-invisible e-con-full vamtam-icon-hover-parent animated-fast e-flex e-con e-child\" data-id=\"fd8403a\" data-element_type=\"container\" data-settings=\"{&quot;animation&quot;:&quot;slideInUp&quot;,&quot;animation_delay&quot;:50}\">\n\t\t\t\t<div class=\"vamtam-has-theme-widget-styles elementor-element elementor-element-10dc3ab elementor-view-stacked vamtam-has-parent-hover elementor-shape-circle elementor-widget elementor-widget-icon\" data-id=\"10dc3ab\" data-element_type=\"widget\" data-widget_type=\"icon.default\">\n\t\t\t\t<div class=\"elementor-widget-container\">\n\t\t\t\t\t\t\t<div class=\"elementor-icon-wrapper\">\n\t\t\t<div class=\"elementor-icon\">\n\t\t\t<i aria-hidden=\"true\" class=\"vamtamtheme- vamtam-theme-pie\"><\/i>\t\t\t<\/div>\n\t\t<\/div>\n\t\t\t\t\t\t<\/div>\n\t\t\t\t<\/div>\n\t\t<div class=\"elementor-element elementor-element-4aefad4 e-con-full e-flex e-con e-child\" data-id=\"4aefad4\" data-element_type=\"container\" data-settings=\"{&quot;background_background&quot;:&quot;classic&quot;}\">\n\t\t\t\t<div class=\"elementor-element elementor-element-115bc69 elementor-widget elementor-widget-heading\" data-id=\"115bc69\" data-element_type=\"widget\" data-widget_type=\"heading.default\">\n\t\t\t\t<div class=\"elementor-widget-container\">\n\t\t\t\t\t<h4 class=\"elementor-heading-title elementor-size-default\">Excel\u00eancia<\/h4>\t\t\t\t<\/div>\n\t\t\t\t<\/div>\n\t\t\t\t<div class=\"elementor-element elementor-element-80e221b elementor-widget elementor-widget-text-editor\" data-id=\"80e221b\" data-element_type=\"widget\" data-widget_type=\"text-editor.default\">\n\t\t\t\t<div class=\"elementor-widget-container\">\n\t\t\t\t\t\t\t\t\t<p align=\"left\">Procuramos qualidade e impacto em todos os projetos, desde a concep\u00e7\u00e3o \u00e0 execu\u00e7\u00e3o, entregando resultados consistentes e diferenciadores\u200b.<\/p><p align=\"left\">\u00a0<\/p>\t\t\t\t\t\t\t\t<\/div>\n\t\t\t\t<\/div>\n\t\t\t\t<\/div>\n\t\t\t\t<\/div>\n\t\t<div class=\"elementor-element elementor-element-1c28071 elementor-invisible e-con-full vamtam-icon-hover-parent animated-fast e-flex e-con e-child\" data-id=\"1c28071\" data-element_type=\"container\" data-settings=\"{&quot;animation&quot;:&quot;slideInUp&quot;,&quot;animation_delay&quot;:100}\">\n\t\t\t\t<div class=\"vamtam-has-theme-widget-styles elementor-element elementor-element-c7f494b elementor-view-stacked vamtam-has-parent-hover elementor-shape-circle elementor-widget elementor-widget-icon\" data-id=\"c7f494b\" data-element_type=\"widget\" data-widget_type=\"icon.default\">\n\t\t\t\t<div class=\"elementor-widget-container\">\n\t\t\t\t\t\t\t<div class=\"elementor-icon-wrapper\">\n\t\t\t<div class=\"elementor-icon\">\n\t\t\t<i aria-hidden=\"true\" class=\"fas fa-leaf\"><\/i>\t\t\t<\/div>\n\t\t<\/div>\n\t\t\t\t\t\t<\/div>\n\t\t\t\t<\/div>\n\t\t<div class=\"elementor-element elementor-element-ad7de4e e-con-full e-flex e-con e-child\" data-id=\"ad7de4e\" data-element_type=\"container\" data-settings=\"{&quot;background_background&quot;:&quot;classic&quot;}\">\n\t\t\t\t<div class=\"elementor-element elementor-element-5550d27 elementor-widget elementor-widget-heading\" data-id=\"5550d27\" data-element_type=\"widget\" data-widget_type=\"heading.default\">\n\t\t\t\t<div class=\"elementor-widget-container\">\n\t\t\t\t\t<h4 class=\"elementor-heading-title elementor-size-default\">Sustentabilidade<\/h4>\t\t\t\t<\/div>\n\t\t\t\t<\/div>\n\t\t\t\t<div class=\"elementor-element elementor-element-5d2d794 elementor-widget elementor-widget-text-editor\" data-id=\"5d2d794\" data-element_type=\"widget\" data-widget_type=\"text-editor.default\">\n\t\t\t\t<div class=\"elementor-widget-container\">\n\t\t\t\t\t\t\t\t\t<p align=\"left\">Promovemos um crescimento respons\u00e1vel e duradouro, equilibrando inova\u00e7\u00e3o, impacto ambiental e benef\u00edcio social para o turismo atual e futuro.<\/p><p align=\"left\">\u00a0<\/p>\t\t\t\t\t\t\t\t<\/div>\n\t\t\t\t<\/div>\n\t\t\t\t<\/div>\n\t\t\t\t<\/div>\n\t\t<div class=\"elementor-element elementor-element-df01e3a elementor-invisible e-con-full vamtam-icon-hover-parent animated-fast e-flex e-con e-child\" data-id=\"df01e3a\" data-element_type=\"container\" data-settings=\"{&quot;animation&quot;:&quot;slideInUp&quot;,&quot;animation_delay&quot;:150}\">\n\t\t\t\t<div class=\"vamtam-has-theme-widget-styles elementor-element elementor-element-442ee98 elementor-view-stacked vamtam-has-parent-hover elementor-shape-circle elementor-widget elementor-widget-icon\" data-id=\"442ee98\" data-element_type=\"widget\" data-widget_type=\"icon.default\">\n\t\t\t\t<div class=\"elementor-widget-container\">\n\t\t\t\t\t\t\t<div class=\"elementor-icon-wrapper\">\n\t\t\t<div class=\"elementor-icon\">\n\t\t\t<i aria-hidden=\"true\" class=\"vamtamtheme- vamtam-theme-star\"><\/i>\t\t\t<\/div>\n\t\t<\/div>\n\t\t\t\t\t\t<\/div>\n\t\t\t\t<\/div>\n\t\t<div class=\"elementor-element elementor-element-2694cd7 e-con-full e-flex e-con e-child\" data-id=\"2694cd7\" data-element_type=\"container\" data-settings=\"{&quot;background_background&quot;:&quot;classic&quot;}\">\n\t\t\t\t<div class=\"elementor-element elementor-element-54481c6 elementor-widget elementor-widget-heading\" data-id=\"54481c6\" data-element_type=\"widget\" data-widget_type=\"heading.default\">\n\t\t\t\t<div class=\"elementor-widget-container\">\n\t\t\t\t\t<h4 class=\"elementor-heading-title elementor-size-default\">Inova\u00e7\u00e3o<\/h4>\t\t\t\t<\/div>\n\t\t\t\t<\/div>\n\t\t\t\t<div class=\"elementor-element elementor-element-b4d3738 elementor-widget elementor-widget-text-editor\" data-id=\"b4d3738\" data-element_type=\"widget\" data-widget_type=\"text-editor.default\">\n\t\t\t\t<div class=\"elementor-widget-container\">\n\t\t\t\t\t\t\t\t\t<p align=\"left\">Criamos solu\u00e7\u00f5es criativas e disruptivas que transformam o setor tur\u00edstico, ajudando empresas e destinos a adaptarem-se \u00e0s novas tend\u00eancias e necessidades do mercado.<\/p>\t\t\t\t\t\t\t\t<\/div>\n\t\t\t\t<\/div>\n\t\t\t\t<\/div>\n\t\t\t\t<\/div>\n\t\t\t\t\t<\/div>\n\t\t\t\t<\/div>\n\t\t<div class=\"elementor-element elementor-element-275c7b0 e-flex e-con-boxed e-con e-parent\" data-id=\"275c7b0\" data-element_type=\"container\">\n\t\t\t\t\t<div class=\"e-con-inner\">\n\t\t<div class=\"elementor-element elementor-element-1c22aad e-con-full e-flex e-con e-child\" data-id=\"1c22aad\" data-element_type=\"container\">\n\t\t<div class=\"elementor-element elementor-element-1c3650f e-con-full e-flex e-con e-child\" data-id=\"1c3650f\" data-element_type=\"container\">\n\t\t\t\t<div class=\"elementor-element elementor-element-197f363 elementor-invisible animated-fast elementor-widget elementor-widget-heading\" data-id=\"197f363\" data-element_type=\"widget\" data-settings=\"{&quot;_animation&quot;:&quot;fadeIn&quot;}\" data-widget_type=\"heading.default\">\n\t\t\t\t<div class=\"elementor-widget-container\">\n\t\t\t\t\t<h2 class=\"elementor-heading-title elementor-size-default\">Inove, transforme e inspire<\/h2>\t\t\t\t<\/div>\n\t\t\t\t<\/div>\n\t\t\t\t<\/div>\n\t\t<div class=\"elementor-element elementor-element-17a9342 e-con-full e-flex e-con e-child\" data-id=\"17a9342\" data-element_type=\"container\">\n\t\t\t\t<div class=\"vamtam-has-theme-widget-styles elementor-element elementor-element-4473bf9 elementor-view-stacked elementor-shape-circle elementor-widget elementor-widget-icon\" data-id=\"4473bf9\" data-element_type=\"widget\" data-widget_type=\"icon.default\">\n\t\t\t\t<div class=\"elementor-widget-container\">\n\t\t\t\t\t\t\t<div class=\"elementor-icon-wrapper\">\n\t\t\t<div class=\"elementor-icon\">\n\t\t\t<i aria-hidden=\"true\" class=\"far fa-calendar-check\"><\/i>\t\t\t<\/div>\n\t\t<\/div>\n\t\t\t\t\t\t<\/div>\n\t\t\t\t<\/div>\n\t\t\t\t<div class=\"elementor-element elementor-element-e42d61d elementor-widget elementor-widget-text-editor\" data-id=\"e42d61d\" data-element_type=\"widget\" data-widget_type=\"text-editor.default\">\n\t\t\t\t<div class=\"elementor-widget-container\">\n\t\t\t\t\t\t\t\t\t<p>Acreditamos que os desafios do turismo podem tornar-se solu\u00e7\u00f5es impactantes.<span style=\"font-family: Arial, serif;\"><span lang=\"en-US\">\u200b<\/span><\/span><\/p><p>Descubra como podemos ajud\u00e1-lo a ir mais longe.<\/p>\t\t\t\t\t\t\t\t<\/div>\n\t\t\t\t<\/div>\n\t\t\t\t<\/div>\n\t\t\t\t<\/div>\n\t\t\t\t\t<\/div>\n\t\t\t\t<\/div>\n\t\t<div class=\"elementor-element elementor-element-70a3e26 e-flex e-con-boxed e-con e-parent\" data-id=\"70a3e26\" data-element_type=\"container\">\n\t\t\t\t\t<div class=\"e-con-inner\">\n\t\t\t\t<div class=\"vamtam-has-theme-widget-styles elementor-element elementor-element-da20af7 vamtam-icon-pos-row-reverse vamtam-has-icon-styles vamtam-has-hover-anim vamtam-has-outside-icon elementor-widget elementor-widget-button\" data-id=\"da20af7\" data-element_type=\"widget\" data-widget_type=\"button.default\">\n\t\t\t\t<div class=\"elementor-widget-container\">\n\t\t\t\t\t\t\t\t\t<div class=\"elementor-button-wrapper\">\n\t\t\t\t\t<a class=\"elementor-button elementor-button-link elementor-size-sm\" href=\"https:\/\/geoflicks.pt\/index.php\/get-a-consultation\/\">\n\t\t\t\t\t\t<span class=\"elementor-button-content-wrapper\">\n\t\t\t\t\t\t<span class=\"elementor-button-icon\">\n\t\t\t\t<i aria-hidden=\"true\" class=\"vamtamtheme- vamtam-theme-arrow-link-up\"><\/i>\t\t\t<\/span>\n\t\t\t\t\t\t\t\t\t<span class=\"elementor-button-text\">Fale Connosco<\/span>\n\t\t\t\t\t<\/span>\n\t\t\t\t\t<\/a>\n\t\t\t\t<\/div>\n\t\t\t\t\t\t\t\t<\/div>\n\t\t\t\t<\/div>\n\t\t\t\t\t<\/div>\n\t\t\t\t<\/div>\n\t\t<div class=\"elementor-element elementor-element-790c0c3 e-flex e-con-boxed e-con e-parent\" data-id=\"790c0c3\" data-element_type=\"container\">\n\t\t\t\t\t<div class=\"e-con-inner\">\n\t\t\t\t<div class=\"elementor-element elementor-element-ac00dd0 elementor-widget-divider--view-line elementor-widget elementor-widget-divider\" data-id=\"ac00dd0\" data-element_type=\"widget\" data-widget_type=\"divider.default\">\n\t\t\t\t<div class=\"elementor-widget-container\">\n\t\t\t\t\t\t\t<div class=\"elementor-divider\">\n\t\t\t<span class=\"elementor-divider-separator\">\n\t\t\t\t\t\t<\/span>\n\t\t<\/div>\n\t\t\t\t\t\t<\/div>\n\t\t\t\t<\/div>\n\t\t\t\t\t<\/div>\n\t\t\t\t<\/div>\n\t\t<div class=\"elementor-element elementor-element-270563c e-flex e-con-boxed e-con e-parent\" data-id=\"270563c\" data-element_type=\"container\">\n\t\t\t\t\t<div class=\"e-con-inner\">\n\t\t\t\t\t<\/div>\n\t\t\t\t<\/div>\n\t\t\t\t<\/div>\n\t\t","protected":false},"excerpt":{"rendered":"<p>A GEOFLICKS, \u00e9 uma entidade reconhecida pela ANI \u2013 Ag\u00eancia Nacional da Inova\u00e7\u00e3o no \u00e2mbito da Investiga\u00e7\u00e3o &amp; Desenvolvimento em Turismo- para apoiar a cria\u00e7\u00e3o de produtos e processos inovadores no setor, permitindo que empresas e organiza\u00e7\u00f5es se destaquem num mercado em constante evolu\u00e7\u00e3o. Combinamos conhecimento cient\u00edfico com um entendimento mais pr\u00e1tico sobre o mercado&#8230;<\/p>\n","protected":false},"author":1,"featured_media":3123,"parent":0,"menu_order":0,"comment_status":"closed","ping_status":"closed","template":"","meta":{"footnotes":""},"class_list":["post-29","page","type-page","status-publish","has-post-thumbnail","hentry"],"_links":{"self":[{"href":"https:\/\/geoflicks.pt\/index.php\/wp-json\/wp\/v2\/pages\/29","targetHints":{"allow":["GET"]}}],"collection":[{"href":"https:\/\/geoflicks.pt\/index.php\/wp-json\/wp\/v2\/pages"}],"about":[{"href":"https:\/\/geoflicks.pt\/index.php\/wp-json\/wp\/v2\/types\/page"}],"author":[{"embeddable":true,"href":"https:\/\/geoflicks.pt\/index.php\/wp-json\/wp\/v2\/users\/1"}],"replies":[{"embeddable":true,"href":"https:\/\/geoflicks.pt\/index.php\/wp-json\/wp\/v2\/comments?post=29"}],"version-history":[{"count":61,"href":"https:\/\/geoflicks.pt\/index.php\/wp-json\/wp\/v2\/pages\/29\/revisions"}],"predecessor-version":[{"id":988380,"href":"https:\/\/geoflicks.pt\/index.php\/wp-json\/wp\/v2\/pages\/29\/revisions\/988380"}],"wp:featuredmedia":[{"embeddable":true,"href":"https:\/\/geoflicks.pt\/index.php\/wp-json\/wp\/v2\/media\/3123"}],"wp:attachment":[{"href":"https:\/\/geoflicks.pt\/index.php\/wp-json\/wp\/v2\/media?parent=29"}],"curies":[{"name":"wp","href":"https:\/\/api.w.org\/{rel}","templated":true}]}}