{"id":27,"date":"2025-02-13T14:18:58","date_gmt":"2025-02-13T14:18:58","guid":{"rendered":"https:\/\/finovate.vamtam.com\/?page_id=27"},"modified":"2026-01-12T11:43:07","modified_gmt":"2026-01-12T11:43:07","slug":"certificacoes","status":"publish","type":"page","link":"https:\/\/geoflicks.pt\/index.php\/certificacoes\/","title":{"rendered":"Certifica\u00e7\u00f5es"},"content":{"rendered":"\t\t<div data-elementor-type=\"wp-page\" data-elementor-id=\"27\" class=\"elementor elementor-27\" data-elementor-post-type=\"page\">\n\t\t\t\t<div class=\"elementor-element elementor-element-3d65996 e-flex e-con-boxed e-con e-parent\" data-id=\"3d65996\" data-element_type=\"container\">\n\t\t\t\t\t<div class=\"e-con-inner\">\n\t\t<div class=\"elementor-element elementor-element-f485dcb e-con-full e-flex e-con e-child\" data-id=\"f485dcb\" data-element_type=\"container\">\n\t\t<div class=\"elementor-element elementor-element-f44a232 e-con-full e-flex e-con e-child\" data-id=\"f44a232\" data-element_type=\"container\">\n\t\t\t\t<div class=\"elementor-element elementor-element-9432172 elementor-invisible animated-fast elementor-widget__width-initial elementor-widget elementor-widget-heading\" data-id=\"9432172\" data-element_type=\"widget\" data-settings=\"{&quot;_animation&quot;:&quot;fadeIn&quot;}\" data-widget_type=\"heading.default\">\n\t\t\t\t<div class=\"elementor-widget-container\">\n\t\t\t\t\t<h2 class=\"elementor-heading-title elementor-size-default\">Selo ID: <br>\n <span class=\"color-accent-4\">Reconhecimento de Idoneidade<\/span><\/h2>\t\t\t\t<\/div>\n\t\t\t\t<\/div>\n\t\t\t\t<\/div>\n\t\t<div class=\"elementor-element elementor-element-3b5f22b e-con-full e-flex e-con e-child\" data-id=\"3b5f22b\" data-element_type=\"container\">\n\t\t\t\t<div class=\"elementor-element elementor-element-96cebbc elementor-widget elementor-widget-text-editor\" data-id=\"96cebbc\" data-element_type=\"widget\" data-widget_type=\"text-editor.default\">\n\t\t\t\t<div class=\"elementor-widget-container\">\n\t\t\t\t\t\t\t\t\t<h4>Com este reconhecimento, as empresas tur\u00edsticas e entidades parceiras podem inovar com confian\u00e7a, apoiando-se na nossa experi\u00eancia oficialmente reconhecida em investiga\u00e7\u00e3o e desenvolvimento<\/h4>\t\t\t\t\t\t\t\t<\/div>\n\t\t\t\t<\/div>\n\t\t\t\t<\/div>\n\t\t\t\t<\/div>\n\t\t\t\t<div class=\"vamtam-has-theme-widget-styles elementor-element elementor-element-832a584 elementor-invisible animated-fast vamtam-icon-pos-row-reverse vamtam-has-icon-styles vamtam-has-hover-anim vamtam-has-outside-icon elementor-widget elementor-widget-button\" data-id=\"832a584\" data-element_type=\"widget\" data-settings=\"{&quot;_animation&quot;:&quot;slideInUp&quot;,&quot;_animation_delay&quot;:100}\" data-widget_type=\"button.default\">\n\t\t\t\t<div class=\"elementor-widget-container\">\n\t\t\t\t\t\t\t\t\t<div class=\"elementor-button-wrapper\">\n\t\t\t\t\t<a class=\"elementor-button elementor-button-link elementor-size-sm\" href=\"https:\/\/geoflicks.pt\/index.php\/get-a-consultation\/\">\n\t\t\t\t\t\t<span class=\"elementor-button-content-wrapper\">\n\t\t\t\t\t\t<span class=\"elementor-button-icon\">\n\t\t\t\t<i aria-hidden=\"true\" class=\"vamtamtheme- vamtam-theme-arrow-link-up\"><\/i>\t\t\t<\/span>\n\t\t\t\t\t\t\t\t\t<span class=\"elementor-button-text\">Fale Connosco<\/span>\n\t\t\t\t\t<\/span>\n\t\t\t\t\t<\/a>\n\t\t\t\t<\/div>\n\t\t\t\t\t\t\t\t<\/div>\n\t\t\t\t<\/div>\n\t\t\t\t\t<\/div>\n\t\t\t\t<\/div>\n\t\t<div class=\"elementor-element elementor-element-9fc2996 e-flex e-con-boxed e-con e-child\" data-id=\"9fc2996\" data-element_type=\"container\">\n\t\t\t\t\t<div class=\"e-con-inner\">\n\t\t<a class=\"elementor-element elementor-element-c30a7a2 e-con-full vamtam-icon-hover-parent e-flex e-con e-child\" data-id=\"c30a7a2\" data-element_type=\"container\" data-settings=\"{&quot;background_background&quot;:&quot;classic&quot;}\" href=\"https:\/\/geoflicks.pt\/index.php\/success-story\/\">\n\t\t\t\t<div class=\"elementor-element elementor-element-8d3ada8 elementor-invisible animated-fast elementor-widget elementor-widget-image\" data-id=\"8d3ada8\" data-element_type=\"widget\" data-settings=\"{&quot;_animation&quot;:&quot;fadeIn&quot;,&quot;_animation_delay&quot;:100}\" data-widget_type=\"image.default\">\n\t\t\t\t<div class=\"elementor-widget-container\">\n\t\t\t\t\t\t\t\t\t\t\t\t\t\t\t<img fetchpriority=\"high\" decoding=\"async\" width=\"1024\" height=\"1024\" src=\"https:\/\/geoflicks.pt\/wp-content\/uploads\/2025\/10\/selo_ID_reconhecimento_idoneidade_cores-1024x1024.jpg\" class=\"attachment-large size-large wp-image-987999\" alt=\"\" srcset=\"https:\/\/geoflicks.pt\/wp-content\/uploads\/2025\/10\/selo_ID_reconhecimento_idoneidade_cores-1024x1024.jpg 1024w, https:\/\/geoflicks.pt\/wp-content\/uploads\/2025\/10\/selo_ID_reconhecimento_idoneidade_cores-300x300.jpg 300w, https:\/\/geoflicks.pt\/wp-content\/uploads\/2025\/10\/selo_ID_reconhecimento_idoneidade_cores-150x150.jpg 150w, https:\/\/geoflicks.pt\/wp-content\/uploads\/2025\/10\/selo_ID_reconhecimento_idoneidade_cores-768x768.jpg 768w, https:\/\/geoflicks.pt\/wp-content\/uploads\/2025\/10\/selo_ID_reconhecimento_idoneidade_cores-1536x1536.jpg 1536w, https:\/\/geoflicks.pt\/wp-content\/uploads\/2025\/10\/selo_ID_reconhecimento_idoneidade_cores-2048x2048.jpg 2048w\" sizes=\"(max-width: 1024px) 100vw, 1024px\" \/>\t\t\t\t\t\t\t\t\t\t\t\t\t\t\t<\/div>\n\t\t\t\t<\/div>\n\t\t\t\t<\/a>\n\t\t<div class=\"elementor-element elementor-element-4d1db52 e-con-full e-flex e-con e-child\" data-id=\"4d1db52\" data-element_type=\"container\" data-settings=\"{&quot;background_background&quot;:&quot;classic&quot;}\">\n\t\t<div class=\"elementor-element elementor-element-21346f3 e-con-full e-flex e-con e-child\" data-id=\"21346f3\" data-element_type=\"container\">\n\t\t<div class=\"elementor-element elementor-element-271cca9 e-con-full e-flex e-con e-child\" data-id=\"271cca9\" data-element_type=\"container\">\n\t\t\t\t<div class=\"elementor-element elementor-element-4336de8 elementor-widget__width-auto elementor-widget elementor-widget-heading\" data-id=\"4336de8\" data-element_type=\"widget\" data-widget_type=\"heading.default\">\n\t\t\t\t<div class=\"elementor-widget-container\">\n\t\t\t\t\t<div class=\"elementor-heading-title elementor-size-default\">reconhecimento e idoneidade<\/div>\t\t\t\t<\/div>\n\t\t\t\t<\/div>\n\t\t\t\t<div class=\"elementor-element elementor-element-e77ae50 elementor-invisible elementor-widget__width-initial animated-fast elementor-widget elementor-widget-heading\" data-id=\"e77ae50\" data-element_type=\"widget\" data-settings=\"{&quot;_animation&quot;:&quot;slideInUp&quot;,&quot;_animation_delay&quot;:50}\" data-widget_type=\"heading.default\">\n\t\t\t\t<div class=\"elementor-widget-container\">\n\t\t\t\t\t<div class=\"elementor-heading-title elementor-size-default\">SELO ID<\/div>\t\t\t\t<\/div>\n\t\t\t\t<\/div>\n\t\t\t\t<\/div>\n\t\t<div class=\"elementor-element elementor-element-c1edaac e-con-full e-flex e-con e-child\" data-id=\"c1edaac\" data-element_type=\"container\">\n\t\t\t\t<div class=\"vamtam-has-theme-widget-styles elementor-element elementor-element-fbd6b95 elementor-view-stacked elementor-shape-circle elementor-widget elementor-widget-global elementor-global-1819 elementor-widget-icon\" data-id=\"fbd6b95\" data-element_type=\"widget\" data-settings=\"{&quot;motion_fx_motion_fx_scrolling&quot;:&quot;yes&quot;,&quot;motion_fx_rotateZ_effect&quot;:&quot;yes&quot;,&quot;motion_fx_rotateZ_direction&quot;:&quot;negative&quot;,&quot;motion_fx_rotateZ_affectedRange&quot;:{&quot;unit&quot;:&quot;%&quot;,&quot;size&quot;:&quot;&quot;,&quot;sizes&quot;:{&quot;start&quot;:18,&quot;end&quot;:79}},&quot;motion_fx_devices&quot;:[&quot;desktop&quot;],&quot;motion_fx_rotateZ_speed&quot;:{&quot;unit&quot;:&quot;px&quot;,&quot;size&quot;:1,&quot;sizes&quot;:[]}}\" data-widget_type=\"icon.default\">\n\t\t\t\t<div class=\"elementor-widget-container\">\n\t\t\t\t\t\t\t<div class=\"elementor-icon-wrapper\">\n\t\t\t<div class=\"elementor-icon\">\n\t\t\t<i aria-hidden=\"true\" class=\"vamtamtheme- vamtam-theme-sign-star\"><\/i>\t\t\t<\/div>\n\t\t<\/div>\n\t\t\t\t\t\t<\/div>\n\t\t\t\t<\/div>\n\t\t\t\t<\/div>\n\t\t\t\t<\/div>\n\t\t<div class=\"elementor-element elementor-element-eedd483 e-con-full e-flex e-con e-child\" data-id=\"eedd483\" data-element_type=\"container\">\n\t\t\t\t<div class=\"elementor-element elementor-element-c776877 elementor-widget elementor-widget-text-editor\" data-id=\"c776877\" data-element_type=\"widget\" data-widget_type=\"text-editor.default\">\n\t\t\t\t<div class=\"elementor-widget-container\">\n\t\t\t\t\t\t\t\t\t<h5>O Selo ID da Ag\u00eancia Nacional de Inova\u00e7\u00e3o (ANI) distingue as empresas que s\u00e3o id\u00f3neas em atividades de Investiga\u00e7\u00e3o &amp; Desenvolvimento. Esta certifica\u00e7\u00e3o confirma que seguimos os mais elevados padr\u00f5es de rigor, transpar\u00eancia e compet\u00eancia na gest\u00e3o de projetos de I&amp;D. Para os nossos parceiros &#8211; empresas, associa\u00e7\u00f5es e entidades p\u00fablicas &#8211; significa confian\u00e7a: a certeza de que os projetos que desenvolvemos s\u00e3o apoiados por processos s\u00f3lidos e reconhecidos oficialmente, garantindo impacto real e resultados sustent\u00e1veis.<\/h5>\t\t\t\t\t\t\t\t<\/div>\n\t\t\t\t<\/div>\n\t\t\t\t<\/div>\n\t\t\t\t<div class=\"elementor-element elementor-element-088dbcb elementor-absolute elementor-widget elementor-widget-spacer\" data-id=\"088dbcb\" data-element_type=\"widget\" data-settings=\"{&quot;_position&quot;:&quot;absolute&quot;}\" data-widget_type=\"spacer.default\">\n\t\t\t\t<div class=\"elementor-widget-container\">\n\t\t\t\t\t\t\t<div class=\"elementor-spacer\">\n\t\t\t<div class=\"elementor-spacer-inner\"><\/div>\n\t\t<\/div>\n\t\t\t\t\t\t<\/div>\n\t\t\t\t<\/div>\n\t\t\t\t<\/div>\n\t\t\t\t\t<\/div>\n\t\t\t\t<\/div>\n\t\t<div class=\"elementor-element elementor-element-cfebbf3 e-con-full e-flex e-con e-parent\" data-id=\"cfebbf3\" data-element_type=\"container\">\n\t\t\t\t<\/div>\n\t\t<div class=\"elementor-element elementor-element-a9e2f73 e-flex e-con-boxed e-con e-parent\" data-id=\"a9e2f73\" data-element_type=\"container\" data-settings=\"{&quot;background_background&quot;:&quot;classic&quot;}\">\n\t\t\t\t\t<div class=\"e-con-inner\">\n\t\t<div class=\"elementor-element elementor-element-3f99f97 e-con-full e-flex e-con e-child\" data-id=\"3f99f97\" data-element_type=\"container\">\n\t\t<div class=\"elementor-element elementor-element-ff099cd elementor-invisible e-con-full blur-background animated-fast e-flex e-con e-child\" data-id=\"ff099cd\" data-element_type=\"container\" data-settings=\"{&quot;background_background&quot;:&quot;classic&quot;,&quot;sticky&quot;:&quot;bottom&quot;,&quot;sticky_on&quot;:[&quot;desktop&quot;],&quot;sticky_offset&quot;:60,&quot;sticky_parent&quot;:&quot;yes&quot;,&quot;animation&quot;:&quot;fadeIn&quot;,&quot;sticky_effects_offset&quot;:0,&quot;sticky_anchor_link_offset&quot;:0}\">\n\t\t<div class=\"elementor-element elementor-element-3b887bf e-con-full e-flex e-con e-child\" data-id=\"3b887bf\" data-element_type=\"container\">\n\t\t\t\t<div class=\"elementor-element elementor-element-5437772 elementor-invisible elementor-widget__width-auto animated-fast elementor-widget elementor-widget-heading\" data-id=\"5437772\" data-element_type=\"widget\" data-settings=\"{&quot;_animation&quot;:&quot;fadeIn&quot;,&quot;_animation_delay&quot;:50}\" data-widget_type=\"heading.default\">\n\t\t\t\t<div class=\"elementor-widget-container\">\n\t\t\t\t\t<div class=\"elementor-heading-title elementor-size-default\"><h6>Porqu\u00ea n\u00f3s?<\/h6><\/div>\t\t\t\t<\/div>\n\t\t\t\t<\/div>\n\t\t\t\t<div class=\"vamtam-has-theme-widget-styles elementor-element elementor-element-1c2fdee elementor-view-stacked elementor-shape-circle elementor-widget elementor-widget-global elementor-global-1819 elementor-widget-icon\" data-id=\"1c2fdee\" data-element_type=\"widget\" data-settings=\"{&quot;motion_fx_motion_fx_scrolling&quot;:&quot;yes&quot;,&quot;motion_fx_rotateZ_effect&quot;:&quot;yes&quot;,&quot;motion_fx_rotateZ_direction&quot;:&quot;negative&quot;,&quot;motion_fx_rotateZ_affectedRange&quot;:{&quot;unit&quot;:&quot;%&quot;,&quot;size&quot;:&quot;&quot;,&quot;sizes&quot;:{&quot;start&quot;:18,&quot;end&quot;:79}},&quot;motion_fx_devices&quot;:[&quot;desktop&quot;],&quot;motion_fx_rotateZ_speed&quot;:{&quot;unit&quot;:&quot;px&quot;,&quot;size&quot;:1,&quot;sizes&quot;:[]}}\" data-widget_type=\"icon.default\">\n\t\t\t\t<div class=\"elementor-widget-container\">\n\t\t\t\t\t\t\t<div class=\"elementor-icon-wrapper\">\n\t\t\t<div class=\"elementor-icon\">\n\t\t\t<i aria-hidden=\"true\" class=\"vamtamtheme- vamtam-theme-sign-star\"><\/i>\t\t\t<\/div>\n\t\t<\/div>\n\t\t\t\t\t\t<\/div>\n\t\t\t\t<\/div>\n\t\t\t\t<\/div>\n\t\t\t\t<div class=\"elementor-element elementor-element-ca8a9fd elementor-headline--style-rotate elementor-widget__width-auto elementor-widget elementor-widget-animated-headline\" data-id=\"ca8a9fd\" data-element_type=\"widget\" data-settings=\"{&quot;headline_style&quot;:&quot;rotate&quot;,&quot;rotating_text&quot;:&quot;Antecipamos Tend\\u00eancias\\nOtimizamos Processos\\nMaximizamos o Retorno&quot;,&quot;rotate_iteration_delay&quot;:2000,&quot;animation_type&quot;:&quot;typing&quot;,&quot;loop&quot;:&quot;yes&quot;}\" data-widget_type=\"animated-headline.default\">\n\t\t\t\t<div class=\"elementor-widget-container\">\n\t\t\t\t\t\t\t<div class=\"elementor-headline elementor-headline-animation-type-typing elementor-headline-letters\">\n\t\t\t\t<span class=\"elementor-headline-dynamic-wrapper elementor-headline-text-wrapper\">\n\t\t\t\t\t<span class=\"elementor-headline-dynamic-text elementor-headline-text-active\">\n\t\t\t\tAntecipamos&nbsp;Tend\u00eancias\t\t\t<\/span>\n\t\t\t\t\t<span class=\"elementor-headline-dynamic-text\">\n\t\t\t\tOtimizamos&nbsp;Processos\t\t\t<\/span>\n\t\t\t\t\t<span class=\"elementor-headline-dynamic-text\">\n\t\t\t\tMaximizamos&nbsp;o&nbsp;Retorno\t\t\t<\/span>\n\t\t\t\t\t\t<\/span>\n\t\t\t\t<\/div>\n\t\t\t\t\t\t<\/div>\n\t\t\t\t<\/div>\n\t\t<div class=\"elementor-element elementor-element-7129250 e-con-full e-flex e-con e-child\" data-id=\"7129250\" data-element_type=\"container\">\n\t\t\t\t<div class=\"vamtam-has-theme-widget-styles elementor-element elementor-element-c7073cc elementor-widget elementor-widget-button\" data-id=\"c7073cc\" data-element_type=\"widget\" data-widget_type=\"button.default\">\n\t\t\t\t<div class=\"elementor-widget-container\">\n\t\t\t\t\t\t\t\t\t<div class=\"elementor-button-wrapper\">\n\t\t\t\t\t<a class=\"elementor-button elementor-button-link elementor-size-sm\" href=\"#elementor-action%3Aaction%3Dpopup%3Aopen%26settings%3DeyJpZCI6IjQyODYiLCJ0b2dnbGUiOmZhbHNlLCJhbGlnbl93aXRoX3BhcmVudCI6IiJ9\">\n\t\t\t\t\t\t<span class=\"elementor-button-content-wrapper\">\n\t\t\t\t\t\t\t\t\t<span class=\"elementor-button-text\">Fale Connosco<\/span>\n\t\t\t\t\t<\/span>\n\t\t\t\t\t<\/a>\n\t\t\t\t<\/div>\n\t\t\t\t\t\t\t\t<\/div>\n\t\t\t\t<\/div>\n\t\t\t\t<\/div>\n\t\t\t\t<\/div>\n\t\t\t\t<\/div>\n\t\t\t\t\t<\/div>\n\t\t\t\t<\/div>\n\t\t\t\t<\/div>\n\t\t","protected":false},"excerpt":{"rendered":"<p>Selo ID: Reconhecimento de Idoneidade Com este reconhecimento, as empresas tur\u00edsticas e entidades parceiras podem inovar com confian\u00e7a, apoiando-se na nossa experi\u00eancia oficialmente reconhecida em investiga\u00e7\u00e3o e desenvolvimento Fale Connosco reconhecimento e idoneidade SELO ID O Selo ID da Ag\u00eancia Nacional de Inova\u00e7\u00e3o (ANI) distingue as empresas que s\u00e3o id\u00f3neas em atividades de Investiga\u00e7\u00e3o &amp;&#8230;<\/p>\n","protected":false},"author":1,"featured_media":8360,"parent":0,"menu_order":0,"comment_status":"closed","ping_status":"closed","template":"","meta":{"footnotes":""},"class_list":["post-27","page","type-page","status-publish","has-post-thumbnail","hentry"],"_links":{"self":[{"href":"https:\/\/geoflicks.pt\/index.php\/wp-json\/wp\/v2\/pages\/27","targetHints":{"allow":["GET"]}}],"collection":[{"href":"https:\/\/geoflicks.pt\/index.php\/wp-json\/wp\/v2\/pages"}],"about":[{"href":"https:\/\/geoflicks.pt\/index.php\/wp-json\/wp\/v2\/types\/page"}],"author":[{"embeddable":true,"href":"https:\/\/geoflicks.pt\/index.php\/wp-json\/wp\/v2\/users\/1"}],"replies":[{"embeddable":true,"href":"https:\/\/geoflicks.pt\/index.php\/wp-json\/wp\/v2\/comments?post=27"}],"version-history":[{"count":17,"href":"https:\/\/geoflicks.pt\/index.php\/wp-json\/wp\/v2\/pages\/27\/revisions"}],"predecessor-version":[{"id":988376,"href":"https:\/\/geoflicks.pt\/index.php\/wp-json\/wp\/v2\/pages\/27\/revisions\/988376"}],"wp:featuredmedia":[{"embeddable":true,"href":"https:\/\/geoflicks.pt\/index.php\/wp-json\/wp\/v2\/media\/8360"}],"wp:attachment":[{"href":"https:\/\/geoflicks.pt\/index.php\/wp-json\/wp\/v2\/media?parent=27"}],"curies":[{"name":"wp","href":"https:\/\/api.w.org\/{rel}","templated":true}]}}