{"id":1090,"date":"2025-02-19T13:36:52","date_gmt":"2025-02-19T13:36:52","guid":{"rendered":"https:\/\/finovate.vamtam.com\/?page_id=1090"},"modified":"2026-01-19T12:07:31","modified_gmt":"2026-01-19T12:07:31","slug":"terms-conditions","status":"publish","type":"page","link":"https:\/\/geoflicks.pt\/index.php\/terms-conditions\/","title":{"rendered":"Termos &#038; Condi"},"content":{"rendered":"\t\t<div data-elementor-type=\"wp-page\" data-elementor-id=\"1090\" class=\"elementor elementor-1090\" data-elementor-post-type=\"page\">\n\t\t\t\t<div class=\"elementor-element elementor-element-b6f3875 e-flex e-con-boxed e-con e-parent\" data-id=\"b6f3875\" data-element_type=\"container\">\n\t\t\t\t\t<div class=\"e-con-inner\">\n\t\t\t\t<div class=\"elementor-element elementor-element-bee27d1 elementor-widget elementor-widget-heading\" data-id=\"bee27d1\" data-element_type=\"widget\" data-widget_type=\"heading.default\">\n\t\t\t\t<div class=\"elementor-widget-container\">\n\t\t\t\t\t<h3 class=\"elementor-heading-title elementor-size-default\">Coment\u00e1rios<\/h3>\t\t\t\t<\/div>\n\t\t\t\t<\/div>\n\t\t\t\t<div class=\"elementor-element elementor-element-4747289 elementor-widget elementor-widget-text-editor\" data-id=\"4747289\" data-element_type=\"widget\" data-widget_type=\"text-editor.default\">\n\t\t\t\t<div class=\"elementor-widget-container\">\n\t\t\t\t\t\t\t\t\t<p class=\"p1\">Quando os visitantes deixam coment\u00e1rios no site da <b>Geoflicks<\/b>, recolhemos os dados apresentados no formul\u00e1rio de coment\u00e1rios, bem como o endere\u00e7o IP do visitante e a identifica\u00e7\u00e3o do agente do utilizador do navegador, com a finalidade de ajudar na dete\u00e7\u00e3o de spam.<\/p><p class=\"p1\">Uma cadeia anonimizada criada a partir do seu endere\u00e7o de e-mail (tamb\u00e9m designada por <i>hash<\/i>) poder\u00e1 ser fornecida ao servi\u00e7o Gravatar, para verificar se o utiliza. A pol\u00edtica de privacidade do Gravatar est\u00e1 dispon\u00edvel em: <a href=\"https:\/\/automattic.com\/privacy\/\"><span class=\"s1\">https:\/\/automattic.com\/privacy\/<\/span><\/a>.<\/p><p class=\"p1\">Ap\u00f3s a aprova\u00e7\u00e3o do coment\u00e1rio, a sua fotografia de perfil ficar\u00e1 vis\u00edvel ao p\u00fablico no contexto do respetivo coment\u00e1rio.<\/p>\t\t\t\t\t\t\t\t<\/div>\n\t\t\t\t<\/div>\n\t\t\t\t<div class=\"elementor-element elementor-element-1ff617c elementor-widget elementor-widget-heading\" data-id=\"1ff617c\" data-element_type=\"widget\" data-widget_type=\"heading.default\">\n\t\t\t\t<div class=\"elementor-widget-container\">\n\t\t\t\t\t<h3 class=\"elementor-heading-title elementor-size-default\">Multim\u00e9dia<\/h3>\t\t\t\t<\/div>\n\t\t\t\t<\/div>\n\t\t\t\t<div class=\"elementor-element elementor-element-3744fad elementor-widget elementor-widget-text-editor\" data-id=\"3744fad\" data-element_type=\"widget\" data-widget_type=\"text-editor.default\">\n\t\t\t\t<div class=\"elementor-widget-container\">\n\t\t\t\t\t\t\t\t\t<p class=\"p1\">Se carregar imagens para o site da Geoflicks, evite enviar imagens que contenham dados de localiza\u00e7\u00e3o incorporados (EXIF GPS). Os visitantes do site podem descarregar e extrair quaisquer dados de localiza\u00e7\u00e3o existentes nas imagens publicadas.<\/p>\t\t\t\t\t\t\t\t<\/div>\n\t\t\t\t<\/div>\n\t\t\t\t<div class=\"elementor-element elementor-element-7325a0b elementor-widget elementor-widget-heading\" data-id=\"7325a0b\" data-element_type=\"widget\" data-widget_type=\"heading.default\">\n\t\t\t\t<div class=\"elementor-widget-container\">\n\t\t\t\t\t<h3 class=\"elementor-heading-title elementor-size-default\">Cookies<\/h3>\t\t\t\t<\/div>\n\t\t\t\t<\/div>\n\t\t\t\t<div class=\"elementor-element elementor-element-ea63ad5 elementor-widget elementor-widget-text-editor\" data-id=\"ea63ad5\" data-element_type=\"widget\" data-widget_type=\"text-editor.default\">\n\t\t\t\t<div class=\"elementor-widget-container\">\n\t\t\t\t\t\t\t\t\t<p class=\"p1\">Ao deixar um coment\u00e1rio no nosso site, poder\u00e1 optar por guardar o seu nome, endere\u00e7o de e-mail e website em cookies. Estes cookies t\u00eam como objetivo facilitar futuras intera\u00e7\u00f5es, evitando o preenchimento repetido dos seus dados, e t\u00eam a dura\u00e7\u00e3o de um ano.<\/p><p class=\"p1\">Ao visitar a p\u00e1gina de login, ser\u00e1 definido um cookie tempor\u00e1rio para verificar se o seu navegador aceita cookies. Este cookie n\u00e3o cont\u00e9m dados pessoais e \u00e9 eliminado quando fecha o navegador.<\/p><p class=\"p1\">Quando inicia sess\u00e3o, s\u00e3o configurados v\u00e1rios cookies para guardar as suas informa\u00e7\u00f5es de login e prefer\u00eancias de visualiza\u00e7\u00e3o.<\/p><ul class=\"ul1\"><li class=\"li1\">Os cookies de login t\u00eam a dura\u00e7\u00e3o de dois dias.<\/li><li class=\"li1\">Os cookies de op\u00e7\u00f5es de ecr\u00e3 duram um ano.<\/li><li class=\"li1\">Se selecionar a op\u00e7\u00e3o \u201cLembrar-me\u201d, a sess\u00e3o manter-se-\u00e1 ativa durante duas semanas.<\/li><\/ul><p class=\"p1\">Ao terminar sess\u00e3o, os cookies de login ser\u00e3o removidos.<\/p><p class=\"p1\">Se editar ou publicar um artigo, ser\u00e1 guardado um cookie adicional no seu navegador. Este cookie n\u00e3o cont\u00e9m dados pessoais e indica apenas o ID do conte\u00fado editado, expirando ap\u00f3s um dia.<\/p><p class=\"p1\">Para mais informa\u00e7\u00f5es sobre a utiliza\u00e7\u00e3o de cookies, consulte a <b>Pol\u00edtica de Privacidade da Geoflicks<\/b>.<\/p>\t\t\t\t\t\t\t\t<\/div>\n\t\t\t\t<\/div>\n\t\t\t\t<div class=\"elementor-element elementor-element-d39b649 elementor-widget elementor-widget-heading\" data-id=\"d39b649\" data-element_type=\"widget\" data-widget_type=\"heading.default\">\n\t\t\t\t<div class=\"elementor-widget-container\">\n\t\t\t\t\t<h3 class=\"elementor-heading-title elementor-size-default\">Conte\u00fados incorporados de outros sites<\/h3>\t\t\t\t<\/div>\n\t\t\t\t<\/div>\n\t\t\t\t<div class=\"elementor-element elementor-element-a983c92 elementor-widget elementor-widget-text-editor\" data-id=\"a983c92\" data-element_type=\"widget\" data-widget_type=\"text-editor.default\">\n\t\t\t\t<div class=\"elementor-widget-container\">\n\t\t\t\t\t\t\t\t\t<p class=\"p1\">Os conte\u00fados deste site podem incluir elementos incorporados (por exemplo, v\u00eddeos, imagens ou artigos). Os conte\u00fados incorporados de outros websites comportam-se como se o utilizador estivesse a visitar diretamente esses websites.<\/p><p class=\"p1\">Esses sites podem recolher dados sobre si, utilizar cookies, incorporar mecanismos adicionais de rastreio de terceiros e monitorizar a sua intera\u00e7\u00e3o com os conte\u00fados incorporados, especialmente se tiver uma conta e estiver com sess\u00e3o iniciada nesses websites.<\/p>\t\t\t\t\t\t\t\t<\/div>\n\t\t\t\t<\/div>\n\t\t\t\t<div class=\"elementor-element elementor-element-2e4af4a elementor-widget elementor-widget-heading\" data-id=\"2e4af4a\" data-element_type=\"widget\" data-widget_type=\"heading.default\">\n\t\t\t\t<div class=\"elementor-widget-container\">\n\t\t\t\t\t<h3 class=\"elementor-heading-title elementor-size-default\">Com quem s\u00e3o partilhados os seus dados<\/h3>\t\t\t\t<\/div>\n\t\t\t\t<\/div>\n\t\t\t\t<div class=\"elementor-element elementor-element-1c11813 elementor-widget elementor-widget-text-editor\" data-id=\"1c11813\" data-element_type=\"widget\" data-widget_type=\"text-editor.default\">\n\t\t\t\t<div class=\"elementor-widget-container\">\n\t\t\t\t\t\t\t\t\t<p class=\"p1\">Se solicitar a redefini\u00e7\u00e3o da palavra-passe, o seu endere\u00e7o IP poder\u00e1 ser inclu\u00eddo no e-mail de redefini\u00e7\u00e3o, por motivos de seguran\u00e7a.<\/p><p class=\"p1\">A Geoflicks n\u00e3o vende nem partilha dados pessoais com terceiros, exceto quando necess\u00e1rio para o funcionamento do site, cumprimento de obriga\u00e7\u00f5es legais ou presta\u00e7\u00e3o de servi\u00e7os essenciais, conforme descrito na sua Pol\u00edtica de Privacidade.<\/p>\t\t\t\t\t\t\t\t<\/div>\n\t\t\t\t<\/div>\n\t\t\t\t<div class=\"elementor-element elementor-element-7a952a9 elementor-widget elementor-widget-heading\" data-id=\"7a952a9\" data-element_type=\"widget\" data-widget_type=\"heading.default\">\n\t\t\t\t<div class=\"elementor-widget-container\">\n\t\t\t\t\t<h3 class=\"elementor-heading-title elementor-size-default\">Durante quanto tempo s\u00e3o conservados os seus dados<\/h3>\t\t\t\t<\/div>\n\t\t\t\t<\/div>\n\t\t\t\t<div class=\"elementor-element elementor-element-500d7a6 elementor-widget elementor-widget-text-editor\" data-id=\"500d7a6\" data-element_type=\"widget\" data-widget_type=\"text-editor.default\">\n\t\t\t\t<div class=\"elementor-widget-container\">\n\t\t\t\t\t\t\t\t\t<p class=\"p1\">Se deixar um coment\u00e1rio, o coment\u00e1rio e os respetivos metadados s\u00e3o conservados por tempo indeterminado. Isto permite reconhecer e aprovar automaticamente coment\u00e1rios subsequentes, em vez de os manter em modera\u00e7\u00e3o.<\/p><p class=\"p1\">Para os utilizadores que se registem no site (caso aplic\u00e1vel), s\u00e3o armazenadas as informa\u00e7\u00f5es pessoais fornecidas no perfil de utilizador. Todos os utilizadores podem consultar, editar ou eliminar as suas informa\u00e7\u00f5es pessoais a qualquer momento (com exce\u00e7\u00e3o do nome de utilizador). Os administradores do site tamb\u00e9m podem consultar e editar essas informa\u00e7\u00f5es.<\/p>\t\t\t\t\t\t\t\t<\/div>\n\t\t\t\t<\/div>\n\t\t\t\t<div class=\"elementor-element elementor-element-9230a77 elementor-widget elementor-widget-heading\" data-id=\"9230a77\" data-element_type=\"widget\" data-widget_type=\"heading.default\">\n\t\t\t\t<div class=\"elementor-widget-container\">\n\t\t\t\t\t<h3 class=\"elementor-heading-title elementor-size-default\">Quais s\u00e3o os seus direitos sobre os seus dados<\/h3>\t\t\t\t<\/div>\n\t\t\t\t<\/div>\n\t\t\t\t<div class=\"elementor-element elementor-element-4533a10 elementor-widget elementor-widget-text-editor\" data-id=\"4533a10\" data-element_type=\"widget\" data-widget_type=\"text-editor.default\">\n\t\t\t\t<div class=\"elementor-widget-container\">\n\t\t\t\t\t\t\t\t\t<p class=\"p1\">Nos termos do Regulamento Geral sobre a Prote\u00e7\u00e3o de Dados (RGPD), o utilizador pode:<\/p><ul class=\"ul1\"><li class=\"li1\">Solicitar o acesso aos seus dados pessoais<\/li><li class=\"li1\">Solicitar a retifica\u00e7\u00e3o ou elimina\u00e7\u00e3o dos seus dados<\/li><li class=\"li1\">Solicitar a limita\u00e7\u00e3o ou oposi\u00e7\u00e3o ao tratamento<\/li><li class=\"li1\">Solicitar um ficheiro exportado com os dados pessoais que a Geoflicks mant\u00e9m sobre si<\/li><\/ul><p class=\"p1\">Estes direitos n\u00e3o incluem quaisquer dados que a Geoflicks seja legalmente obrigada a conservar para fins administrativos, legais ou de seguran\u00e7a.<\/p>\t\t\t\t\t\t\t\t<\/div>\n\t\t\t\t<\/div>\n\t\t\t\t<div class=\"elementor-element elementor-element-383cddd elementor-widget elementor-widget-heading\" data-id=\"383cddd\" data-element_type=\"widget\" data-widget_type=\"heading.default\">\n\t\t\t\t<div class=\"elementor-widget-container\">\n\t\t\t\t\t<h3 class=\"elementor-heading-title elementor-size-default\">Para onde s\u00e3o enviados os seus dados<\/h3>\t\t\t\t<\/div>\n\t\t\t\t<\/div>\n\t\t\t\t<div class=\"elementor-element elementor-element-3944628 elementor-widget elementor-widget-text-editor\" data-id=\"3944628\" data-element_type=\"widget\" data-widget_type=\"text-editor.default\">\n\t\t\t\t<div class=\"elementor-widget-container\">\n\t\t\t\t\t\t\t\t\t<p class=\"p1\">Os coment\u00e1rios dos visitantes podem ser verificados atrav\u00e9s de um servi\u00e7o autom\u00e1tico de dete\u00e7\u00e3o de spam, com o objetivo de garantir a seguran\u00e7a e integridade do site.<\/p>\t\t\t\t\t\t\t\t<\/div>\n\t\t\t\t<\/div>\n\t\t\t\t\t<\/div>\n\t\t\t\t<\/div>\n\t\t\t\t<\/div>\n\t\t","protected":false},"excerpt":{"rendered":"<p>Coment\u00e1rios Quando os visitantes deixam coment\u00e1rios no site da Geoflicks, recolhemos os dados apresentados no formul\u00e1rio de coment\u00e1rios, bem como o endere\u00e7o IP do visitante e a identifica\u00e7\u00e3o do agente do utilizador do navegador, com a finalidade de ajudar na dete\u00e7\u00e3o de spam. Uma cadeia anonimizada criada a partir do seu endere\u00e7o de e-mail (tamb\u00e9m&#8230;<\/p>\n","protected":false},"author":1,"featured_media":0,"parent":0,"menu_order":0,"comment_status":"closed","ping_status":"closed","template":"","meta":{"footnotes":""},"class_list":["post-1090","page","type-page","status-publish","hentry"],"_links":{"self":[{"href":"https:\/\/geoflicks.pt\/index.php\/wp-json\/wp\/v2\/pages\/1090","targetHints":{"allow":["GET"]}}],"collection":[{"href":"https:\/\/geoflicks.pt\/index.php\/wp-json\/wp\/v2\/pages"}],"about":[{"href":"https:\/\/geoflicks.pt\/index.php\/wp-json\/wp\/v2\/types\/page"}],"author":[{"embeddable":true,"href":"https:\/\/geoflicks.pt\/index.php\/wp-json\/wp\/v2\/users\/1"}],"replies":[{"embeddable":true,"href":"https:\/\/geoflicks.pt\/index.php\/wp-json\/wp\/v2\/comments?post=1090"}],"version-history":[{"count":6,"href":"https:\/\/geoflicks.pt\/index.php\/wp-json\/wp\/v2\/pages\/1090\/revisions"}],"predecessor-version":[{"id":988471,"href":"https:\/\/geoflicks.pt\/index.php\/wp-json\/wp\/v2\/pages\/1090\/revisions\/988471"}],"wp:attachment":[{"href":"https:\/\/geoflicks.pt\/index.php\/wp-json\/wp\/v2\/media?parent=1090"}],"curies":[{"name":"wp","href":"https:\/\/api.w.org\/{rel}","templated":true}]}}